{"id":2586,"date":"2023-09-28T09:44:00","date_gmt":"2023-09-28T07:44:00","guid":{"rendered":"https:\/\/irish-celtic.com\/?page_id=2586"},"modified":"2026-04-07T12:30:05","modified_gmt":"2026-04-07T10:30:05","slug":"dates-de-la-tournee","status":"publish","type":"page","link":"https:\/\/irish-celtic.com\/en\/dates-de-la-tournee\/","title":{"rendered":"Tour dates"},"content":{"rendered":"\t\t<div data-elementor-type=\"wp-page\" data-elementor-id=\"2586\" class=\"elementor elementor-2586\" data-elementor-post-type=\"page\">\n\t\t\t\t<div class=\"elementor-element elementor-element-a1fe434 e-flex e-con-boxed e-con e-parent\" data-id=\"a1fe434\" data-element_type=\"container\" data-e-type=\"container\" data-settings=\"{&quot;jet_parallax_layout_list&quot;:[]}\">\n\t\t\t\t\t<div class=\"e-con-inner\">\n\t\t\t\t<div class=\"elementor-element elementor-element-31b0e88 elementor-widget elementor-widget-heading\" data-id=\"31b0e88\" data-element_type=\"widget\" data-e-type=\"widget\" data-widget_type=\"heading.default\">\n\t\t\t\t<div class=\"elementor-widget-container\">\n\t\t\t\t\t<h2 class=\"elementor-heading-title elementor-size-default\">Dates de la tourn\u00e9e<\/h2>\t\t\t\t<\/div>\n\t\t\t\t<\/div>\n\t\t\t\t\t<\/div>\n\t\t\t\t<\/div>\n\t\t<div class=\"elementor-element elementor-element-6e739fb e-flex e-con-boxed e-con e-parent\" data-id=\"6e739fb\" data-element_type=\"container\" data-e-type=\"container\" data-settings=\"{&quot;jet_parallax_layout_list&quot;:[]}\">\n\t\t\t\t\t<div class=\"e-con-inner\">\n\t\t\t\t<div class=\"elementor-element elementor-element-130bc9f elementor-widget elementor-widget-text-editor\" data-id=\"130bc9f\" data-element_type=\"widget\" data-e-type=\"widget\" data-widget_type=\"text-editor.default\">\n\t\t\t\t<div class=\"elementor-widget-container\">\n\t\t\t\t\t\t\t\t\t<p><em>Retrouvez-nous dans toutes les villes o\u00f9 Spirit of Ireland se produit ! R\u00e9servez vos places rapidement.<\/em><\/p>\t\t\t\t\t\t\t\t<\/div>\n\t\t\t\t<\/div>\n\t\t\t\t\t<\/div>\n\t\t\t\t<\/div>\n\t\t<div class=\"elementor-element elementor-element-be1cd49 e-flex e-con-boxed e-con e-parent\" data-id=\"be1cd49\" data-element_type=\"container\" data-e-type=\"container\" data-settings=\"{&quot;jet_parallax_layout_list&quot;:[]}\">\n\t\t\t\t\t<div class=\"e-con-inner\">\n\t\t\t\t\t<\/div>\n\t\t\t\t<\/div>\n\t\t<div class=\"elementor-element elementor-element-5408c21 e-flex e-con-boxed e-con e-parent\" data-id=\"5408c21\" data-element_type=\"container\" data-e-type=\"container\" data-settings=\"{&quot;background_background&quot;:&quot;classic&quot;,&quot;jet_parallax_layout_list&quot;:[]}\">\n\t\t\t\t\t<div class=\"e-con-inner\">\n\t\t<div class=\"elementor-element elementor-element-9fbcf4b e-con-full e-flex e-con e-child\" data-id=\"9fbcf4b\" data-element_type=\"container\" data-e-type=\"container\" data-settings=\"{&quot;jet_parallax_layout_list&quot;:[]}\">\n\t\t\t\t<div class=\"elementor-element elementor-element-85cd2ee elementor-widget elementor-widget-jet-accordion\" data-id=\"85cd2ee\" data-element_type=\"widget\" data-e-type=\"widget\" data-widget_type=\"jet-accordion.default\">\n\t\t\t\t<div class=\"elementor-widget-container\">\n\t\t\t\t\t\t\t\t\t<div class=\"jet-accordion\" data-settings=\"{&quot;collapsible&quot;:false,&quot;ajaxTemplate&quot;:false,&quot;switchScrolling&quot;:false,&quot;switchScrollingTablet&quot;:false,&quot;switchScrollingMobile&quot;:false,&quot;switchScrollingOffset&quot;:{&quot;size&quot;:0,&quot;unit&quot;:&quot;px&quot;},&quot;switchScrollingOffsetTablet&quot;:{&quot;size&quot;:0,&quot;unit&quot;:&quot;px&quot;},&quot;switchScrollingOffsetMobile&quot;:{&quot;size&quot;:0,&quot;unit&quot;:&quot;px&quot;},&quot;switchScrollingDelay&quot;:500,&quot;switchScrollingDelayTablet&quot;:500,&quot;switchScrollingDelayMobile&quot;:500}\">\n\t\t\t<div class=\"jet-accordion__inner\">\n\t\t\t\t<div class=\" jet-accordion__item jet-toggle jet-toggle-move-up-effect \">\n\t\t\t\t\t\t\t<div id=\"jet-toggle-control-1401\" class=\"jet-toggle__control elementor-menu-anchor\" data-toggle=\"1\" role=\"button\" tabindex=\"0\" aria-controls=\"jet-toggle-content-1401\" aria-expanded=\"false\" data-template-id=\"false\">\n\t\t\t\t\t\t\t\t<div class=\"jet-toggle__label-icon jet-toggle-icon-position-right\"><span class=\"jet-toggle__icon icon-normal jet-tabs-icon\"><i class=\"fas fa-angle-down\"><\/i><\/span><span class=\"jet-toggle__icon icon-active jet-tabs-icon\"><i class=\"fas fa-minus\"><\/i><\/span><\/div>\t\t\t\t\t\t\t<\/div>\n\t\t\t\t\t\t\t<div id=\"jet-toggle-content-1401\" class=\"jet-toggle__content\" data-toggle=\"1\" role=\"region\" data-template-id=\"false\">\n\t\t\t\t\t\t\t\t<div class=\"jet-toggle__content-inner\"><\/div>\n\t\t\t\t\t\t\t<\/div>\n\t\t\t\t\t\t<\/div>\t\t\t<\/div>\n\t\t<\/div>\n\t\t\t\t\t\t<\/div>\n\t\t\t\t<\/div>\n\t\t\t\t<div class=\"elementor-element elementor-element-0dffeca elementor-widget-divider--view-line elementor-widget elementor-widget-divider\" data-id=\"0dffeca\" data-element_type=\"widget\" data-e-type=\"widget\" data-widget_type=\"divider.default\">\n\t\t\t\t<div class=\"elementor-widget-container\">\n\t\t\t\t\t\t\t<div class=\"elementor-divider\">\n\t\t\t<span class=\"elementor-divider-separator\">\n\t\t\t\t\t\t<\/span>\n\t\t<\/div>\n\t\t\t\t\t\t<\/div>\n\t\t\t\t<\/div>\n\t\t\t\t<\/div>\n\t\t<div class=\"elementor-element elementor-element-1751548 e-con-full e-flex e-con e-child\" data-id=\"1751548\" data-element_type=\"container\" data-e-type=\"container\" data-settings=\"{&quot;jet_parallax_layout_list&quot;:[]}\">\n\t\t\t\t<div class=\"elementor-element elementor-element-1d91149 elementor-widget elementor-widget-text-editor\" data-id=\"1d91149\" data-element_type=\"widget\" data-e-type=\"widget\" data-widget_type=\"text-editor.default\">\n\t\t\t\t<div class=\"elementor-widget-container\">\n\t\t\t\t\t\t\t\t\t<p><strong>FRANCE<\/strong><span style=\"color: #ff6600;\"><br \/><\/span><\/p>\t\t\t\t\t\t\t\t<\/div>\n\t\t\t\t<\/div>\n\t\t\t\t<div class=\"elementor-element elementor-element-696f16f elementor-widget elementor-widget-heading\" data-id=\"696f16f\" data-element_type=\"widget\" data-e-type=\"widget\" data-widget_type=\"heading.default\">\n\t\t\t\t<div class=\"elementor-widget-container\">\n\t\t\t\t\t<h2 class=\"elementor-heading-title elementor-size-default\">LE CHEMIN des l\u00e9gendes<\/h2>\t\t\t\t<\/div>\n\t\t\t\t<\/div>\n\t\t\t\t<div class=\"elementor-element elementor-element-1d54dbc elementor-widget elementor-widget-jet-accordion\" data-id=\"1d54dbc\" data-element_type=\"widget\" data-e-type=\"widget\" data-widget_type=\"jet-accordion.default\">\n\t\t\t\t<div class=\"elementor-widget-container\">\n\t\t\t\t\t\t\t\t\t<div class=\"jet-accordion\" data-settings=\"{&quot;collapsible&quot;:false,&quot;ajaxTemplate&quot;:false,&quot;switchScrolling&quot;:false,&quot;switchScrollingTablet&quot;:false,&quot;switchScrollingMobile&quot;:false,&quot;switchScrollingOffset&quot;:{&quot;size&quot;:0,&quot;unit&quot;:&quot;px&quot;},&quot;switchScrollingOffsetTablet&quot;:{&quot;size&quot;:0,&quot;unit&quot;:&quot;px&quot;},&quot;switchScrollingOffsetMobile&quot;:{&quot;size&quot;:0,&quot;unit&quot;:&quot;px&quot;},&quot;switchScrollingDelay&quot;:500,&quot;switchScrollingDelayTablet&quot;:500,&quot;switchScrollingDelayMobile&quot;:500}\">\n\t\t\t<div class=\"jet-accordion__inner\">\n\t\t\t\t<div class=\" jet-accordion__item jet-toggle jet-toggle-move-up-effect \">\n\t\t\t\t\t\t\t<div id=\"jet-toggle-control-3071\" class=\"jet-toggle__control elementor-menu-anchor\" data-toggle=\"1\" role=\"button\" tabindex=\"0\" aria-controls=\"jet-toggle-content-3071\" aria-expanded=\"false\" data-template-id=\"false\">\n\t\t\t\t\t\t\t\t<div class=\"jet-toggle__label-icon jet-toggle-icon-position-right\"><span class=\"jet-toggle__icon icon-normal jet-tabs-icon\"><i class=\"fas fa-angle-down\"><\/i><\/span><span class=\"jet-toggle__icon icon-active jet-tabs-icon\"><i class=\"fas fa-angle-down\"><\/i><\/span><\/div><div class=\"jet-toggle__label-text\">Mars 2025<\/div>\t\t\t\t\t\t\t<\/div>\n\t\t\t\t\t\t\t<div id=\"jet-toggle-content-3071\" class=\"jet-toggle__content\" data-toggle=\"1\" role=\"region\" data-template-id=\"false\">\n\t\t\t\t\t\t\t\t<div class=\"jet-toggle__content-inner\"><div class=\"\">Dimanche 09 MARS 2025<\/div><div class=\"\">CHATEAUNEUF SUR IS\u00c8RE &#8211; \u00d4 LAC -&gt; <a href=\"https:\/\/billetterie-o-lac.tickandlive.com\/reserver\/irish-celtic\/90663\" target=\"_blank\" rel=\"noopener\">R\u00e9server<\/a><\/div><div>\u00a0<\/div><div class=\"\">Mardi 11 MARS 2025<br \/>BORDEAUX &#8211; ARK\u00c9A AR\u00c9NA -&gt; <a href=\"https:\/\/www.arkeaarena.com\/event\/irish-celtic-le-chemin-des-legendes-11-mars-2025-billetterie-bordeaux\/\" target=\"_blank\" rel=\"noopener\">R\u00e9server<\/a><\/div><div>\u00a0<\/div><div class=\"\">Mercredi 12 MARS 2025<br \/>BOULAZAC &#8211; AR\u00c9NA LE PALIO P\u00c9RIGORD -&gt; <a href=\"https:\/\/billetterie-indigo-productions.tickandlive.com\/reserver\/irish-celtic-le-chemin-des-legendes-3\/95902\" target=\"_blank\" rel=\"noopener\">R\u00e9server<\/a><\/div><div>\u00a0<\/div><div class=\"\">Du 14 Au 23 MARS 2025<\/div><div class=\"\">PARIS &#8211; CASINO DE PARIS -&gt; <a href=\"https:\/\/www.casinodeparis.fr\/fr\/Irish-Celtic-Le-Chemin-Des-L%C3%A9gendes-Du-14-Mars-2025-Au-23-Mars-2025-Billetterie-Paris\" target=\"_blank\" rel=\"noopener\">R\u00e9server<\/a><\/div><div>\u00a0<\/div><div>Mardi 25 Mars 2025<br \/>EVRY-COURCOURONNES &#8211; LES ARENES -&gt; R\u00e9server<\/div><div>\u00a0<\/div><div class=\"\">Mercredi 26 MARS 2025<br \/>MOUILLERON LE CAPTIF &#8211; VEND\u00c9SPACE -&gt; <a href=\"https:\/\/billetterie-indigo-productions.tickandlive.com\/reserver\/irish-celtik-le-chemin-des-legendes\/90458\" target=\"_blank\" rel=\"noopener\">R\u00e9server<\/a><\/div><div>\u00a0<\/div><div>Jeudi 27 MARS 2025<br \/>NIORT &#8211; L&rsquo;ACCLAMEUR -&gt; <a href=\"https:\/\/billetterie-indigo-productions.tickandlive.com\/reserver\/irish-celtic-le-chemin-des-legendes\/89808\" target=\"_blank\" rel=\"noopener\">R\u00e9server<\/a><\/div><div>\u00a0<\/div><div class=\"\">Jeudi 28 MARS 2025<\/div><div class=\"\">RODEZ &#8211; L&rsquo;AMPHITH\u00c9\u00c2TRE -&gt; <a href=\"https:\/\/spectacles.bleucitron.net\/reserver\/irish-celtic-rodez\/4185\" target=\"_blank\" rel=\"noopener\">R\u00e9server<\/a><\/div><div>\u00a0<\/div><div class=\"\">Samedi 29 MARS 2025<\/div><div class=\"\">TOULOUSE &#8211; CASINO BARRI\u00c8RE &#8211; S\u00e9ance \u00e0 15h -&gt; <a href=\"https:\/\/reservations.theatresbarriere.com\/reserver\/irish-celtic-1\/91568?idwl=3\" target=\"_blank\" rel=\"noopener\">R\u00e9server<\/a><\/div><div>\u00a0<\/div><div><div class=\"\">Samedi 29 MARS 2025<\/div><div class=\"\">TOULOUSE &#8211; CASINO BARRI\u00c8RE &#8211; S\u00e9ance \u00e0 20h30 -&gt; <a href=\"https:\/\/reservations.theatresbarriere.com\/reserver\/irish-celtic-1\/91569?idwl=3\" target=\"_blank\" rel=\"noopener\">R\u00e9server<\/a><\/div><\/div><div>\u00a0<\/div><div class=\"\">Dimanche 30 MARS 2025<\/div><div class=\"\">PERPIGNAN &#8211; PALAIS DES CONGR\u00c8S &#8211; S\u00e9ance \u00e0 14h29 -&gt; <a href=\"https:\/\/billetterie-boitaclous.tickandlive.com\/reserver\/irish-celtic-3\/89666\" target=\"_blank\" rel=\"noopener\">R\u00e9server<\/a><\/div><div>\u00a0<\/div><div><div class=\"\">Dimanche 30 MARS 2025<\/div><div class=\"\">PERPIGNAN &#8211; PALAIS DES CONGR\u00c8S &#8211; S\u00e9ance \u00e0 18h -&gt; <a href=\"https:\/\/billetterie-boitaclous.tickandlive.com\/reserver\/irish-celtic-3\/89667\" target=\"_blank\" rel=\"noopener\">R\u00e9server<\/a><\/div><\/div><\/div>\n\t\t\t\t\t\t\t<\/div>\n\t\t\t\t\t\t<\/div><div class=\" jet-accordion__item jet-toggle jet-toggle-move-up-effect \">\n\t\t\t\t\t\t\t<div id=\"jet-toggle-control-3072\" class=\"jet-toggle__control elementor-menu-anchor\" data-toggle=\"2\" role=\"button\" tabindex=\"0\" aria-controls=\"jet-toggle-content-3072\" aria-expanded=\"false\" data-template-id=\"false\">\n\t\t\t\t\t\t\t\t<div class=\"jet-toggle__label-icon jet-toggle-icon-position-right\"><span class=\"jet-toggle__icon icon-normal jet-tabs-icon\"><i class=\"fas fa-angle-down\"><\/i><\/span><span class=\"jet-toggle__icon icon-active jet-tabs-icon\"><i class=\"fas fa-angle-down\"><\/i><\/span><\/div><div class=\"jet-toggle__label-text\">Avril 2025<\/div>\t\t\t\t\t\t\t<\/div>\n\t\t\t\t\t\t\t<div id=\"jet-toggle-content-3072\" class=\"jet-toggle__content\" data-toggle=\"2\" role=\"region\" data-template-id=\"false\">\n\t\t\t\t\t\t\t\t<div class=\"jet-toggle__content-inner\"><div class=\"\"><span class=\"\">Mardi 01 AVRIL<\/span> 2025<\/div><div class=\"\"><span class=\"\">NANTES &#8211; LA CIT\u00c9 DES CONGR\u00c8S -&gt; <a href=\"https:\/\/billetterie-indigo-productions.tickandlive.com\/reserver\/irish-celtic-le-chemin-des-legendes-1\/91186\" target=\"_blank\" rel=\"noopener\">R\u00e9server<\/a><\/span><\/div><div>\u00a0<\/div><div class=\"\">Mercredi 02 AVRIL 2025<\/div><div class=\"\"><span class=\"\">BEAUVAIS &#8211; ELISPACE<\/span> -&gt; <a href=\"https:\/\/billetterie-indigo-productions.tickandlive.com\/reserver\/irish-celtic-le-chemin-des-legendes-2\/91192\" target=\"_blank\" rel=\"noopener\">R\u00e9server<\/a><\/div><div>\u00a0<\/div><div class=\"\">Jeudi 03 AVRIL 2025<\/div><div class=\"\"><span class=\"\">VALENCIENNES\u00a0 &#8211; LA NEF<\/span> -&gt; <a href=\"https:\/\/billetterie-indigo-productions.tickandlive.com\/reserver\/irish-celtic-le-chemin-des-legendes-6\/96444\" target=\"_blank\" rel=\"noopener\">R\u00e9server<\/a><\/div><div>\u00a0<\/div><div class=\"\">Vendredi 04 AVRIL 2025<\/div><div class=\"\"><span class=\"\">LI\u00c9VIN &#8211; L&rsquo;AR\u00c9NA -&gt; <a href=\"https:\/\/billetterie-indigo-productions.tickandlive.com\/reserver\/irish-celtic-le-chemin-des-legendes-4\/95907\" target=\"_blank\" rel=\"noopener\">R\u00e9server<\/a><\/span><\/div><div>\u00a0<\/div><div class=\"\">Samedi 05 AVRIL 2025<\/div><div class=\"\"><span class=\"\">BRUNOY &#8211; TH\u00c9\u00c2TRE DE LA VALL\u00c9E &#8211; S\u00e9ance \u00e0 16h -&gt; <a href=\"https:\/\/billetterie.aggloculture.fr\/selection\/event\/seat?perfId=10229212879563&amp;productId=10229212878249\" target=\"_blank\" rel=\"noopener\">R\u00e9server<\/a><\/span><\/div><div>\u00a0<\/div><div><div class=\"\">Samedi 05 AVRIL 2025<\/div><div class=\"\"><span class=\"\">BRUNOY &#8211; TH\u00c9\u00c2TRE DE LA VALL\u00c9E &#8211; S\u00e9ance \u00e0 20h30 -&gt; <a href=\"https:\/\/billetterie.aggloculture.fr\/selection\/event\/seat?perfId=10229212879564&amp;productId=10229212878249\" target=\"_blank\" rel=\"noopener\">R\u00e9server<\/a><\/span><\/div><\/div><div>\u00a0<\/div><div>Dimanche 6 Avril 2025<\/div><div>LE TOUQUET &#8211; CASINO BARRI\u00e8re <span class=\"\"> -&gt; R\u00e9server<\/span><\/div><div>\u00a0<\/div><div class=\"\">Mardi 8 AVRIL 2025<\/div><div class=\"\"><span class=\"\">VOIRON &#8211; GRAND ANGLE<\/span> -&gt; <a href=\"https:\/\/www.le-grand-angle.fr\/l-accueil-au-grand-angle-807\" target=\"_blank\" rel=\"noopener\">R\u00e9server<\/a><\/div><div>\u00a0<\/div><div class=\"\">Mercredi 9 AVRIL 2025<\/div><div class=\"\"><span class=\"\">MONT\u00c9LIMAR &#8211; PDC -&gt; <a href=\"https:\/\/billetterie-indigo-productions.tickandlive.com\/reserver\/irish-celtic-le-chemin-des-legendes-5\/95908\" target=\"_blank\" rel=\"noopener\">R\u00e9server<\/a><\/span><\/div><div>\u00a0<\/div><div class=\"\">Jeudi 10 AVRIL 2025<\/div><div class=\"\"><span class=\"\">AIX EN PROVENCE &#8211; L&rsquo;AR\u00c9NA -&gt; <a href=\"https:\/\/billetterie.arenaaix.com\/fr\/manifestation\/irish-celtic-billet\/idmanif\/588834\/idseance\/3849712\" target=\"_blank\" rel=\"noopener\">R\u00e9server<\/a><\/span><\/div><div>\u00a0<\/div><div>Vendredi 11 AVRIL 2025<br \/>MONACO-GRIMALDI FORUM <span class=\"\"> -&gt;<\/span> <a href=\"https:\/\/www.fnacspectacles.com\/event\/irish-celtic-le-chemin-des-legendes-grimaldi-forum-monaco-19370571\/?srsltid=AfmBOorV34GNTgbItCKigqiXfC5SpHuE-OoIsTsEXwN0K5v778szdIvB\" target=\"_blank\" rel=\"noopener\">R\u00e9server<\/a><\/div><div>\u00a0<\/div><div class=\"\">Samedi 12 AVRIL 2025<\/div><div class=\"\"><span class=\"\">AVIGNON &#8211; CONFLUENCE -&gt; <a href=\"https:\/\/www.fnacspectacles.com\/event\/irish-celtic-le-chemin-des-legendes-confluence-spectacles-18885421\/?srsltid=AfmBOopGunVzYh4rVEklIcDckICsLunNKXePcBfb9YzUpt8IWFeTlfHl\" target=\"_blank\" rel=\"noopener\">R\u00e9server<\/a><\/span><\/div><div>\u00a0<\/div><div class=\"\">Dimanche 13 AVRIL2025<\/div><div class=\"\"><span class=\"\">ANNECY &#8211; ARCADIUM -&gt; <a href=\"https:\/\/www.fnacspectacles.com\/event\/irish-celtic-le-chemin-des-legendes-arcadium-annecy-18753371\/?srsltid=AfmBOoqwqsHoZafepF2wQA6QLCz7sjIen3_M56s-FZPRvyKrz97KPAme\" target=\"_blank\" rel=\"noopener\">R\u00e9server<\/a><\/span><\/div><\/div>\n\t\t\t\t\t\t\t<\/div>\n\t\t\t\t\t\t<\/div>\t\t\t<\/div>\n\t\t<\/div>\n\t\t\t\t\t\t<\/div>\n\t\t\t\t<\/div>\n\t\t\t\t<div class=\"elementor-element elementor-element-d42531e elementor-widget-divider--view-line elementor-widget elementor-widget-divider\" data-id=\"d42531e\" data-element_type=\"widget\" data-e-type=\"widget\" data-widget_type=\"divider.default\">\n\t\t\t\t<div class=\"elementor-widget-container\">\n\t\t\t\t\t\t\t<div class=\"elementor-divider\">\n\t\t\t<span class=\"elementor-divider-separator\">\n\t\t\t\t\t\t<\/span>\n\t\t<\/div>\n\t\t\t\t\t\t<\/div>\n\t\t\t\t<\/div>\n\t\t\t\t<\/div>\n\t\t\t\t\t<\/div>\n\t\t\t\t<\/div>\n\t\t<div class=\"elementor-element elementor-element-586fa93 e-flex e-con-boxed e-con e-parent\" data-id=\"586fa93\" data-element_type=\"container\" data-e-type=\"container\" data-settings=\"{&quot;jet_parallax_layout_list&quot;:[]}\">\n\t\t\t\t\t<div class=\"e-con-inner\">\n\t\t\t\t<div class=\"elementor-element elementor-element-00f9629 elementor-widget elementor-widget-shortcode\" data-id=\"00f9629\" data-element_type=\"widget\" data-e-type=\"widget\" data-widget_type=\"shortcode.default\">\n\t\t\t\t<div class=\"elementor-widget-container\">\n\t\t\t\t\t\t\t<div class=\"elementor-shortcode\">[tribe_events view=\"list\"]<\/div>\n\t\t\t\t\t\t<\/div>\n\t\t\t\t<\/div>\n\t\t\t\t\t<\/div>\n\t\t\t\t<\/div>\n\t\t\t\t<\/div>\n\t\t","protected":false},"excerpt":{"rendered":"<p>Dates de la tourn\u00e9e Retrouvez-nous dans toutes les villes o\u00f9 Spirit of Ireland se produit ! R\u00e9servez vos places rapidement. FRANCE LE CHEMIN des l\u00e9gendes Mars 2025 Dimanche 09 MARS [&hellip;]<\/p>\n","protected":false},"author":1,"featured_media":0,"parent":0,"menu_order":0,"comment_status":"closed","ping_status":"closed","template":"","meta":{"_price":"","_stock":"","_tribe_ticket_header":"","_tribe_default_ticket_provider":"","_tribe_ticket_capacity":"0","_ticket_start_date":"","_ticket_end_date":"","_tribe_ticket_show_description":"","_tribe_ticket_show_not_going":false,"_tribe_ticket_use_global_stock":"","_tribe_ticket_global_stock_level":"","_global_stock_mode":"","_global_stock_cap":"","_tribe_rsvp_for_event":"","_tribe_ticket_going_count":"","_tribe_ticket_not_going_count":"","_tribe_tickets_list":"[]","_tribe_ticket_has_attendee_info_fields":false,"footnotes":"","_tec_slr_enabled":"","_tec_slr_layout":""},"class_list":["post-2586","page","type-page","status-publish","hentry"],"yoast_head":"<!-- This site is optimized with the Yoast SEO plugin v27.3 - https:\/\/yoast.com\/product\/yoast-seo-wordpress\/ -->\n<title>Dates de la tourn\u00e9e - Irish Celtic<\/title>\n<meta name=\"robots\" content=\"index, follow, max-snippet:-1, max-image-preview:large, max-video-preview:-1\" \/>\n<link rel=\"canonical\" href=\"https:\/\/irish-celtic.com\/en\/dates-de-la-tournee\/\" \/>\n<meta property=\"og:locale\" content=\"en_GB\" \/>\n<meta property=\"og:type\" content=\"article\" \/>\n<meta property=\"og:title\" content=\"Dates de la tourn\u00e9e - Irish Celtic\" \/>\n<meta property=\"og:description\" content=\"Dates de la tourn\u00e9e Retrouvez-nous dans toutes les villes o\u00f9 Spirit of Ireland se produit ! R\u00e9servez vos places rapidement. FRANCE LE CHEMIN des l\u00e9gendes Mars 2025 Dimanche 09 MARS [&hellip;]\" \/>\n<meta property=\"og:url\" content=\"https:\/\/irish-celtic.com\/en\/dates-de-la-tournee\/\" \/>\n<meta property=\"og:site_name\" content=\"Irish Celtic\" \/>\n<meta property=\"article:publisher\" content=\"https:\/\/www.facebook.com\/irishcelticshow\" \/>\n<meta property=\"article:modified_time\" content=\"2026-04-07T10:30:05+00:00\" \/>\n<meta name=\"twitter:card\" content=\"summary_large_image\" \/>\n<meta name=\"twitter:label1\" content=\"Estimated reading time\" \/>\n\t<meta name=\"twitter:data1\" content=\"2 minutes\" \/>\n<script type=\"application\/ld+json\" class=\"yoast-schema-graph\">{\"@context\":\"https:\\\/\\\/schema.org\",\"@graph\":[{\"@type\":\"WebPage\",\"@id\":\"https:\\\/\\\/irish-celtic.com\\\/dates-de-la-tournee\\\/\",\"url\":\"https:\\\/\\\/irish-celtic.com\\\/dates-de-la-tournee\\\/\",\"name\":\"Dates de la tourn\u00e9e - Irish Celtic\",\"isPartOf\":{\"@id\":\"https:\\\/\\\/irish-celtic.com\\\/#website\"},\"datePublished\":\"2023-09-28T07:44:00+00:00\",\"dateModified\":\"2026-04-07T10:30:05+00:00\",\"breadcrumb\":{\"@id\":\"https:\\\/\\\/irish-celtic.com\\\/dates-de-la-tournee\\\/#breadcrumb\"},\"inLanguage\":\"en-GB\",\"potentialAction\":[{\"@type\":\"ReadAction\",\"target\":[\"https:\\\/\\\/irish-celtic.com\\\/dates-de-la-tournee\\\/\"]}]},{\"@type\":\"BreadcrumbList\",\"@id\":\"https:\\\/\\\/irish-celtic.com\\\/dates-de-la-tournee\\\/#breadcrumb\",\"itemListElement\":[{\"@type\":\"ListItem\",\"position\":1,\"name\":\"Accueil\",\"item\":\"https:\\\/\\\/irish-celtic.com\\\/\"},{\"@type\":\"ListItem\",\"position\":2,\"name\":\"Dates de la tourn\u00e9e\"}]},{\"@type\":\"WebSite\",\"@id\":\"https:\\\/\\\/irish-celtic.com\\\/#website\",\"url\":\"https:\\\/\\\/irish-celtic.com\\\/\",\"name\":\"irish-celtic.com\",\"description\":\"Dance Songs Music Live\",\"publisher\":{\"@id\":\"https:\\\/\\\/irish-celtic.com\\\/#organization\"},\"potentialAction\":[{\"@type\":\"SearchAction\",\"target\":{\"@type\":\"EntryPoint\",\"urlTemplate\":\"https:\\\/\\\/irish-celtic.com\\\/?s={search_term_string}\"},\"query-input\":{\"@type\":\"PropertyValueSpecification\",\"valueRequired\":true,\"valueName\":\"search_term_string\"}}],\"inLanguage\":\"en-GB\"},{\"@type\":\"Organization\",\"@id\":\"https:\\\/\\\/irish-celtic.com\\\/#organization\",\"name\":\"Irish Celtic - Dance Songs Music Live\",\"url\":\"https:\\\/\\\/irish-celtic.com\\\/\",\"logo\":{\"@type\":\"ImageObject\",\"inLanguage\":\"en-GB\",\"@id\":\"https:\\\/\\\/irish-celtic.com\\\/#\\\/schema\\\/logo\\\/image\\\/\",\"url\":\"https:\\\/\\\/irish-celtic.com\\\/wp-content\\\/uploads\\\/2020\\\/01\\\/irish-celtic_titre-144px.png\",\"contentUrl\":\"https:\\\/\\\/irish-celtic.com\\\/wp-content\\\/uploads\\\/2020\\\/01\\\/irish-celtic_titre-144px.png\",\"width\":810,\"height\":584,\"caption\":\"Irish Celtic - Dance Songs Music Live\"},\"image\":{\"@id\":\"https:\\\/\\\/irish-celtic.com\\\/#\\\/schema\\\/logo\\\/image\\\/\"},\"sameAs\":[\"https:\\\/\\\/www.facebook.com\\\/irishcelticshow\",\"https:\\\/\\\/www.youtube.com\\\/channel\\\/UCBOZmNzvrkamWdt495CAK4w\",\"https:\\\/\\\/www.instagram.com\\\/irishcelticshow\\\/\"]}]}<\/script>\n<!-- \/ Yoast SEO plugin. -->","yoast_head_json":{"title":"Dates de la tourn\u00e9e - Irish Celtic","robots":{"index":"index","follow":"follow","max-snippet":"max-snippet:-1","max-image-preview":"max-image-preview:large","max-video-preview":"max-video-preview:-1"},"canonical":"https:\/\/irish-celtic.com\/en\/dates-de-la-tournee\/","og_locale":"en_GB","og_type":"article","og_title":"Dates de la tourn\u00e9e - Irish Celtic","og_description":"Dates de la tourn\u00e9e Retrouvez-nous dans toutes les villes o\u00f9 Spirit of Ireland se produit ! R\u00e9servez vos places rapidement. FRANCE LE CHEMIN des l\u00e9gendes Mars 2025 Dimanche 09 MARS [&hellip;]","og_url":"https:\/\/irish-celtic.com\/en\/dates-de-la-tournee\/","og_site_name":"Irish Celtic","article_publisher":"https:\/\/www.facebook.com\/irishcelticshow","article_modified_time":"2026-04-07T10:30:05+00:00","twitter_card":"summary_large_image","twitter_misc":{"Estimated reading time":"2 minutes"},"schema":{"@context":"https:\/\/schema.org","@graph":[{"@type":"WebPage","@id":"https:\/\/irish-celtic.com\/dates-de-la-tournee\/","url":"https:\/\/irish-celtic.com\/dates-de-la-tournee\/","name":"Dates de la tourn\u00e9e - Irish Celtic","isPartOf":{"@id":"https:\/\/irish-celtic.com\/#website"},"datePublished":"2023-09-28T07:44:00+00:00","dateModified":"2026-04-07T10:30:05+00:00","breadcrumb":{"@id":"https:\/\/irish-celtic.com\/dates-de-la-tournee\/#breadcrumb"},"inLanguage":"en-GB","potentialAction":[{"@type":"ReadAction","target":["https:\/\/irish-celtic.com\/dates-de-la-tournee\/"]}]},{"@type":"BreadcrumbList","@id":"https:\/\/irish-celtic.com\/dates-de-la-tournee\/#breadcrumb","itemListElement":[{"@type":"ListItem","position":1,"name":"Accueil","item":"https:\/\/irish-celtic.com\/"},{"@type":"ListItem","position":2,"name":"Dates de la tourn\u00e9e"}]},{"@type":"WebSite","@id":"https:\/\/irish-celtic.com\/#website","url":"https:\/\/irish-celtic.com\/","name":"irish-celtic.com","description":"Dance Songs Music Live","publisher":{"@id":"https:\/\/irish-celtic.com\/#organization"},"potentialAction":[{"@type":"SearchAction","target":{"@type":"EntryPoint","urlTemplate":"https:\/\/irish-celtic.com\/?s={search_term_string}"},"query-input":{"@type":"PropertyValueSpecification","valueRequired":true,"valueName":"search_term_string"}}],"inLanguage":"en-GB"},{"@type":"Organization","@id":"https:\/\/irish-celtic.com\/#organization","name":"Irish Celtic - Dance Songs Music Live","url":"https:\/\/irish-celtic.com\/","logo":{"@type":"ImageObject","inLanguage":"en-GB","@id":"https:\/\/irish-celtic.com\/#\/schema\/logo\/image\/","url":"https:\/\/irish-celtic.com\/wp-content\/uploads\/2020\/01\/irish-celtic_titre-144px.png","contentUrl":"https:\/\/irish-celtic.com\/wp-content\/uploads\/2020\/01\/irish-celtic_titre-144px.png","width":810,"height":584,"caption":"Irish Celtic - Dance Songs Music Live"},"image":{"@id":"https:\/\/irish-celtic.com\/#\/schema\/logo\/image\/"},"sameAs":["https:\/\/www.facebook.com\/irishcelticshow","https:\/\/www.youtube.com\/channel\/UCBOZmNzvrkamWdt495CAK4w","https:\/\/www.instagram.com\/irishcelticshow\/"]}]}},"ticketed":false,"_links":{"self":[{"href":"https:\/\/irish-celtic.com\/en\/wp-json\/wp\/v2\/pages\/2586","targetHints":{"allow":["GET"]}}],"collection":[{"href":"https:\/\/irish-celtic.com\/en\/wp-json\/wp\/v2\/pages"}],"about":[{"href":"https:\/\/irish-celtic.com\/en\/wp-json\/wp\/v2\/types\/page"}],"author":[{"embeddable":true,"href":"https:\/\/irish-celtic.com\/en\/wp-json\/wp\/v2\/users\/1"}],"replies":[{"embeddable":true,"href":"https:\/\/irish-celtic.com\/en\/wp-json\/wp\/v2\/comments?post=2586"}],"version-history":[{"count":69,"href":"https:\/\/irish-celtic.com\/en\/wp-json\/wp\/v2\/pages\/2586\/revisions"}],"predecessor-version":[{"id":4431,"href":"https:\/\/irish-celtic.com\/en\/wp-json\/wp\/v2\/pages\/2586\/revisions\/4431"}],"wp:attachment":[{"href":"https:\/\/irish-celtic.com\/en\/wp-json\/wp\/v2\/media?parent=2586"}],"curies":[{"name":"wp","href":"https:\/\/api.w.org\/{rel}","templated":true}]}}