{"id":3709,"date":"2023-12-22T11:10:47","date_gmt":"2023-12-22T10:10:47","guid":{"rendered":"https:\/\/irish-celtic.com\/?page_id=3709"},"modified":"2026-04-07T12:34:33","modified_gmt":"2026-04-07T10:34:33","slug":"mentions-legales","status":"publish","type":"page","link":"https:\/\/irish-celtic.com\/en\/mentions-legales\/","title":{"rendered":"Legal Notice"},"content":{"rendered":"<div data-elementor-type=\"wp-page\" data-elementor-id=\"3709\" class=\"elementor elementor-3709\" data-elementor-post-type=\"page\">\n\t\t\t\t<div class=\"elementor-element elementor-element-9a91f8f e-flex e-con-boxed e-con e-parent\" data-id=\"9a91f8f\" data-element_type=\"container\" data-e-type=\"container\" data-settings=\"{&quot;jet_parallax_layout_list&quot;:[]}\">\n\t\t\t\t\t<div class=\"e-con-inner\">\n\t\t\t\t<div class=\"elementor-element elementor-element-09bc388 elementor-widget elementor-widget-text-editor\" data-id=\"09bc388\" data-element_type=\"widget\" data-e-type=\"widget\" data-widget_type=\"text-editor.default\">\n\t\t\t\t<div class=\"elementor-widget-container\">\n\t\t\t\t\t\t\t\t\t<p>Ce site web est la propri\u00e9t\u00e9 de la sarl INDIGO PRODUCTIONS,<br \/>soci\u00e9t\u00e9 \u00e0 responsabilit\u00e9 limit\u00e9e, dont le si\u00e8ge social est situ\u00e9<\/p><p>113 bis rue de Nambot<br \/>79000 Niort cedex<br \/>FRANCE<\/p><p><span style=\"color: #ff6600;\">DIRECTRICE DE LA PUBLICATION :<\/span><br \/>Anne STENDER<\/p><p><span style=\"color: #ff6600;\">CONCEPTION :<\/span><\/p><p>\u200b<a href=\"https:\/\/christophe-simon.com\/\" target=\"_blank\" rel=\"noopener\"><img decoding=\"async\" class=\"alignnone wp-image-3711\" src=\"https:\/\/irish-celtic.com\/wp-content\/uploads\/2023\/12\/christophe-simon_signature.svg\" alt=\"\" width=\"197\" height=\"42\" \/><\/a><\/p><p>51 Route de Fressines<br \/>79370 MOUGON<br \/>FRANCE<\/p><p><span style=\"color: #ff6600;\">H\u00c9BERGEMENT :<\/span><\/p><p>Ce site est h\u00e9berg\u00e9 par<br \/>DATACAMPUS,<br \/>Datacampus Technop\u00f4le du Futuroscope 86360 Futuroscope Chasseneuil<br \/>\u00a0RCS NIORT 799 902 051<br \/>sales@datacampus.fr<br \/>+33 516 640 075.<\/p><p><span style=\"color: #ff6600;\">PROPRI\u00c9T\u00c9 INTELLECTUELLE :<\/span><\/p><p>Le contenu de ce site Web est la propri\u00e9t\u00e9 de la SARL INDIGO PRODUCTIONS.<br \/>Vous avez l\u2019autorisation de consulter les donn\u00e9es qu\u2019il contient pour votre seule utilisation personnelle non commerciale, <br \/>ce qui exclut toute exploitation commerciale<br \/>\u00e0 un niveau local, national ou international.<br \/>Notamment, aucun logo, texte, son, graphique ou image contenus dans le site ne pourrait \u00eatre copi\u00e9, reproduit,<br \/>modifi\u00e9, publi\u00e9, \u00e9mis, post\u00e9, transmis ou distribu\u00e9<br \/>par quelques moyens que ce soit sans l\u2019autorisation pr\u00e9alable \u00e9crite de la SARL<br \/>INDIGO PRODUCTIONS.<\/p><p>En cas d\u2019utilisation des photos pour la partie PRESSE,<br \/>le cr\u00e9dit photo doit obligatoirement appara\u00eetre :<br \/>\u00a9 www.philippefretault.com<\/p><p><span style=\"color: #ff6600;\">LIENS HYPERTEXTES :<\/span><br \/>Les pages de ce site Web pourront pr\u00e9senter des liens avec d\u2019autres sites<br \/>ou faire des renvois \u00e0 d\u2019autres sites.<br \/>La SARL INDIGO PRODUCTIONS ne se porte pas garant du contenu de ces autres sites<br \/>et ne pourra \u00eatre tenue responsable des dommages r\u00e9sultant de l\u2019utilisation<br \/>de contenu de ces sites.<\/p><p>Les liens vers d\u2019autres sites ne sont fournis que pour la commodit\u00e9 de l\u2019utilisateur<br \/>de ce site Web.<\/p><p><span style=\"color: #ff6600;\">RESPONSABILIT\u00c9S :<\/span><br \/>La SARL INDIGO PRODUCTIONS ne pourra \u00eatre tenue responsable de tout dommage direct ou indirect issu d\u2019une interruption,<br \/>d\u2019un dysfonctionnement quel qu\u2019il soit, et ce pour quelque raison que ce soit, ou encore de tout dommage direct ou indirect<br \/>qui r\u00e9sulterait, d\u2019une fa\u00e7on quelconque, d\u2019une connexion au site.<\/p><p>La connexion de toute personne au site se fait sous son enti\u00e8re responsabilit\u00e9.<br \/>PROTECTION DES DONN\u00c9ES PERSONNELLES :<\/p><p>Conform\u00e9ment \u00e0 la loi Informatique et Libert\u00e9s n\u00b0 78-17 du 6 janvier 1978, vous disposez d\u2019un droit d\u2019acc\u00e8s,<br \/>de rectification et de suppression des donn\u00e9es vous concernant.<br \/>POUR TOUTE UTILISATION OU QUESTION, CONTACTEZ :<br \/>INDIGO PRODUCTIONS<br \/>113 bis rue de Nambot<br \/>79000 Niort<br \/>FRANCE<br \/>Phone : +33 (0)5 49 73 66 16<br \/>Fax : +33 (0)5 49 73 61 88<\/p>\t\t\t\t\t\t\t\t<\/div>\n\t\t\t\t<\/div>\n\t\t\t\t\t<\/div>\n\t\t\t\t<\/div>\n\t\t\t\t<\/div>","protected":false},"excerpt":{"rendered":"<p>Ce site web est la propri\u00e9t\u00e9 de la sarl INDIGO PRODUCTIONS,soci\u00e9t\u00e9 \u00e0 responsabilit\u00e9 limit\u00e9e, dont le si\u00e8ge social est situ\u00e9 113 bis rue de Nambot79000 Niort cedexFRANCE DIRECTRICE DE LA [&hellip;]<\/p>\n","protected":false},"author":1,"featured_media":0,"parent":0,"menu_order":0,"comment_status":"closed","ping_status":"closed","template":"","meta":{"_price":"","_stock":"","_tribe_ticket_header":"","_tribe_default_ticket_provider":"","_tribe_ticket_capacity":"0","_ticket_start_date":"","_ticket_end_date":"","_tribe_ticket_show_description":"","_tribe_ticket_show_not_going":false,"_tribe_ticket_use_global_stock":"","_tribe_ticket_global_stock_level":"","_global_stock_mode":"","_global_stock_cap":"","_tribe_rsvp_for_event":"","_tribe_ticket_going_count":"","_tribe_ticket_not_going_count":"","_tribe_tickets_list":"[]","_tribe_ticket_has_attendee_info_fields":false,"footnotes":"","_tec_slr_enabled":"","_tec_slr_layout":""},"class_list":["post-3709","page","type-page","status-publish","hentry"],"yoast_head":"<!-- This site is optimized with the Yoast SEO plugin v27.3 - https:\/\/yoast.com\/product\/yoast-seo-wordpress\/ -->\n<title>Mentions l\u00e9gales - Irish Celtic<\/title>\n<meta name=\"robots\" content=\"index, follow, max-snippet:-1, max-image-preview:large, max-video-preview:-1\" \/>\n<link rel=\"canonical\" href=\"https:\/\/irish-celtic.com\/en\/mentions-legales\/\" \/>\n<meta property=\"og:locale\" content=\"en_GB\" \/>\n<meta property=\"og:type\" content=\"article\" \/>\n<meta property=\"og:title\" content=\"Mentions l\u00e9gales - Irish Celtic\" \/>\n<meta property=\"og:description\" content=\"Ce site web est la propri\u00e9t\u00e9 de la sarl INDIGO PRODUCTIONS,soci\u00e9t\u00e9 \u00e0 responsabilit\u00e9 limit\u00e9e, dont le si\u00e8ge social est situ\u00e9 113 bis rue de Nambot79000 Niort cedexFRANCE DIRECTRICE DE LA [&hellip;]\" \/>\n<meta property=\"og:url\" content=\"https:\/\/irish-celtic.com\/en\/mentions-legales\/\" \/>\n<meta property=\"og:site_name\" content=\"Irish Celtic\" \/>\n<meta property=\"article:publisher\" content=\"https:\/\/www.facebook.com\/irishcelticshow\" \/>\n<meta property=\"article:modified_time\" content=\"2026-04-07T10:34:33+00:00\" \/>\n<meta name=\"twitter:card\" content=\"summary_large_image\" \/>\n<meta name=\"twitter:label1\" content=\"Estimated reading time\" \/>\n\t<meta name=\"twitter:data1\" content=\"3 minutes\" \/>\n<script type=\"application\/ld+json\" class=\"yoast-schema-graph\">{\"@context\":\"https:\\\/\\\/schema.org\",\"@graph\":[{\"@type\":\"WebPage\",\"@id\":\"https:\\\/\\\/irish-celtic.com\\\/mentions-legales\\\/\",\"url\":\"https:\\\/\\\/irish-celtic.com\\\/mentions-legales\\\/\",\"name\":\"Mentions l\u00e9gales - Irish Celtic\",\"isPartOf\":{\"@id\":\"https:\\\/\\\/irish-celtic.com\\\/#website\"},\"primaryImageOfPage\":{\"@id\":\"https:\\\/\\\/irish-celtic.com\\\/mentions-legales\\\/#primaryimage\"},\"image\":{\"@id\":\"https:\\\/\\\/irish-celtic.com\\\/mentions-legales\\\/#primaryimage\"},\"thumbnailUrl\":\"https:\\\/\\\/irish-celtic.com\\\/wp-content\\\/uploads\\\/2023\\\/12\\\/christophe-simon_signature.svg\",\"datePublished\":\"2023-12-22T10:10:47+00:00\",\"dateModified\":\"2026-04-07T10:34:33+00:00\",\"breadcrumb\":{\"@id\":\"https:\\\/\\\/irish-celtic.com\\\/mentions-legales\\\/#breadcrumb\"},\"inLanguage\":\"en-GB\",\"potentialAction\":[{\"@type\":\"ReadAction\",\"target\":[\"https:\\\/\\\/irish-celtic.com\\\/mentions-legales\\\/\"]}]},{\"@type\":\"ImageObject\",\"inLanguage\":\"en-GB\",\"@id\":\"https:\\\/\\\/irish-celtic.com\\\/mentions-legales\\\/#primaryimage\",\"url\":\"https:\\\/\\\/irish-celtic.com\\\/wp-content\\\/uploads\\\/2023\\\/12\\\/christophe-simon_signature.svg\",\"contentUrl\":\"https:\\\/\\\/irish-celtic.com\\\/wp-content\\\/uploads\\\/2023\\\/12\\\/christophe-simon_signature.svg\"},{\"@type\":\"BreadcrumbList\",\"@id\":\"https:\\\/\\\/irish-celtic.com\\\/mentions-legales\\\/#breadcrumb\",\"itemListElement\":[{\"@type\":\"ListItem\",\"position\":1,\"name\":\"Accueil\",\"item\":\"https:\\\/\\\/irish-celtic.com\\\/\"},{\"@type\":\"ListItem\",\"position\":2,\"name\":\"Mentions l\u00e9gales\"}]},{\"@type\":\"WebSite\",\"@id\":\"https:\\\/\\\/irish-celtic.com\\\/#website\",\"url\":\"https:\\\/\\\/irish-celtic.com\\\/\",\"name\":\"irish-celtic.com\",\"description\":\"Dance Songs Music Live\",\"publisher\":{\"@id\":\"https:\\\/\\\/irish-celtic.com\\\/#organization\"},\"potentialAction\":[{\"@type\":\"SearchAction\",\"target\":{\"@type\":\"EntryPoint\",\"urlTemplate\":\"https:\\\/\\\/irish-celtic.com\\\/?s={search_term_string}\"},\"query-input\":{\"@type\":\"PropertyValueSpecification\",\"valueRequired\":true,\"valueName\":\"search_term_string\"}}],\"inLanguage\":\"en-GB\"},{\"@type\":\"Organization\",\"@id\":\"https:\\\/\\\/irish-celtic.com\\\/#organization\",\"name\":\"Irish Celtic - Dance Songs Music Live\",\"url\":\"https:\\\/\\\/irish-celtic.com\\\/\",\"logo\":{\"@type\":\"ImageObject\",\"inLanguage\":\"en-GB\",\"@id\":\"https:\\\/\\\/irish-celtic.com\\\/#\\\/schema\\\/logo\\\/image\\\/\",\"url\":\"https:\\\/\\\/irish-celtic.com\\\/wp-content\\\/uploads\\\/2020\\\/01\\\/irish-celtic_titre-144px.png\",\"contentUrl\":\"https:\\\/\\\/irish-celtic.com\\\/wp-content\\\/uploads\\\/2020\\\/01\\\/irish-celtic_titre-144px.png\",\"width\":810,\"height\":584,\"caption\":\"Irish Celtic - Dance Songs Music Live\"},\"image\":{\"@id\":\"https:\\\/\\\/irish-celtic.com\\\/#\\\/schema\\\/logo\\\/image\\\/\"},\"sameAs\":[\"https:\\\/\\\/www.facebook.com\\\/irishcelticshow\",\"https:\\\/\\\/www.youtube.com\\\/channel\\\/UCBOZmNzvrkamWdt495CAK4w\",\"https:\\\/\\\/www.instagram.com\\\/irishcelticshow\\\/\"]}]}<\/script>\n<!-- \/ Yoast SEO plugin. -->","yoast_head_json":{"title":"Mentions l\u00e9gales - Irish Celtic","robots":{"index":"index","follow":"follow","max-snippet":"max-snippet:-1","max-image-preview":"max-image-preview:large","max-video-preview":"max-video-preview:-1"},"canonical":"https:\/\/irish-celtic.com\/en\/mentions-legales\/","og_locale":"en_GB","og_type":"article","og_title":"Mentions l\u00e9gales - Irish Celtic","og_description":"Ce site web est la propri\u00e9t\u00e9 de la sarl INDIGO PRODUCTIONS,soci\u00e9t\u00e9 \u00e0 responsabilit\u00e9 limit\u00e9e, dont le si\u00e8ge social est situ\u00e9 113 bis rue de Nambot79000 Niort cedexFRANCE DIRECTRICE DE LA [&hellip;]","og_url":"https:\/\/irish-celtic.com\/en\/mentions-legales\/","og_site_name":"Irish Celtic","article_publisher":"https:\/\/www.facebook.com\/irishcelticshow","article_modified_time":"2026-04-07T10:34:33+00:00","twitter_card":"summary_large_image","twitter_misc":{"Estimated reading time":"3 minutes"},"schema":{"@context":"https:\/\/schema.org","@graph":[{"@type":"WebPage","@id":"https:\/\/irish-celtic.com\/mentions-legales\/","url":"https:\/\/irish-celtic.com\/mentions-legales\/","name":"Mentions l\u00e9gales - Irish Celtic","isPartOf":{"@id":"https:\/\/irish-celtic.com\/#website"},"primaryImageOfPage":{"@id":"https:\/\/irish-celtic.com\/mentions-legales\/#primaryimage"},"image":{"@id":"https:\/\/irish-celtic.com\/mentions-legales\/#primaryimage"},"thumbnailUrl":"https:\/\/irish-celtic.com\/wp-content\/uploads\/2023\/12\/christophe-simon_signature.svg","datePublished":"2023-12-22T10:10:47+00:00","dateModified":"2026-04-07T10:34:33+00:00","breadcrumb":{"@id":"https:\/\/irish-celtic.com\/mentions-legales\/#breadcrumb"},"inLanguage":"en-GB","potentialAction":[{"@type":"ReadAction","target":["https:\/\/irish-celtic.com\/mentions-legales\/"]}]},{"@type":"ImageObject","inLanguage":"en-GB","@id":"https:\/\/irish-celtic.com\/mentions-legales\/#primaryimage","url":"https:\/\/irish-celtic.com\/wp-content\/uploads\/2023\/12\/christophe-simon_signature.svg","contentUrl":"https:\/\/irish-celtic.com\/wp-content\/uploads\/2023\/12\/christophe-simon_signature.svg"},{"@type":"BreadcrumbList","@id":"https:\/\/irish-celtic.com\/mentions-legales\/#breadcrumb","itemListElement":[{"@type":"ListItem","position":1,"name":"Accueil","item":"https:\/\/irish-celtic.com\/"},{"@type":"ListItem","position":2,"name":"Mentions l\u00e9gales"}]},{"@type":"WebSite","@id":"https:\/\/irish-celtic.com\/#website","url":"https:\/\/irish-celtic.com\/","name":"irish-celtic.com","description":"Dance Songs Music Live","publisher":{"@id":"https:\/\/irish-celtic.com\/#organization"},"potentialAction":[{"@type":"SearchAction","target":{"@type":"EntryPoint","urlTemplate":"https:\/\/irish-celtic.com\/?s={search_term_string}"},"query-input":{"@type":"PropertyValueSpecification","valueRequired":true,"valueName":"search_term_string"}}],"inLanguage":"en-GB"},{"@type":"Organization","@id":"https:\/\/irish-celtic.com\/#organization","name":"Irish Celtic - Dance Songs Music Live","url":"https:\/\/irish-celtic.com\/","logo":{"@type":"ImageObject","inLanguage":"en-GB","@id":"https:\/\/irish-celtic.com\/#\/schema\/logo\/image\/","url":"https:\/\/irish-celtic.com\/wp-content\/uploads\/2020\/01\/irish-celtic_titre-144px.png","contentUrl":"https:\/\/irish-celtic.com\/wp-content\/uploads\/2020\/01\/irish-celtic_titre-144px.png","width":810,"height":584,"caption":"Irish Celtic - Dance Songs Music Live"},"image":{"@id":"https:\/\/irish-celtic.com\/#\/schema\/logo\/image\/"},"sameAs":["https:\/\/www.facebook.com\/irishcelticshow","https:\/\/www.youtube.com\/channel\/UCBOZmNzvrkamWdt495CAK4w","https:\/\/www.instagram.com\/irishcelticshow\/"]}]}},"ticketed":false,"_links":{"self":[{"href":"https:\/\/irish-celtic.com\/en\/wp-json\/wp\/v2\/pages\/3709","targetHints":{"allow":["GET"]}}],"collection":[{"href":"https:\/\/irish-celtic.com\/en\/wp-json\/wp\/v2\/pages"}],"about":[{"href":"https:\/\/irish-celtic.com\/en\/wp-json\/wp\/v2\/types\/page"}],"author":[{"embeddable":true,"href":"https:\/\/irish-celtic.com\/en\/wp-json\/wp\/v2\/users\/1"}],"replies":[{"embeddable":true,"href":"https:\/\/irish-celtic.com\/en\/wp-json\/wp\/v2\/comments?post=3709"}],"version-history":[{"count":6,"href":"https:\/\/irish-celtic.com\/en\/wp-json\/wp\/v2\/pages\/3709\/revisions"}],"predecessor-version":[{"id":4443,"href":"https:\/\/irish-celtic.com\/en\/wp-json\/wp\/v2\/pages\/3709\/revisions\/4443"}],"wp:attachment":[{"href":"https:\/\/irish-celtic.com\/en\/wp-json\/wp\/v2\/media?parent=3709"}],"curies":[{"name":"wp","href":"https:\/\/api.w.org\/{rel}","templated":true}]}}